{"id":133,"date":"2021-08-17T22:50:10","date_gmt":"2021-08-17T22:50:10","guid":{"rendered":"https:\/\/wp.stadelmannbeck.ch\/?page_id=133"},"modified":"2022-01-25T14:26:39","modified_gmt":"2022-01-25T14:26:39","slug":"betrieb","status":"publish","type":"page","link":"https:\/\/wp.stadelmannbeck.ch\/?page_id=133","title":{"rendered":"Betrieb"},"content":{"rendered":"\n<div style=\"height:22px\" aria-hidden=\"true\" class=\"wp-block-spacer\"><\/div>\n\n\n\n<h4 class=\"has-text-align-center wp-block-heading\"> WILLKOMMEN IN DER LAKTOSEFREIEN B\u00c4CKEREI STADELMANN <\/h4>\n\n\n\n<p class=\"has-text-align-center\">Seit 1955 steht unser Betrieb f\u00fcr Qualit\u00e4t und Frische ein. Die Kundenzufriedenheit ist immer an erster Stelle.<\/p>\n\n\n\n<div style=\"height:16px\" aria-hidden=\"true\" class=\"wp-block-spacer\"><\/div>\n\n\n\n<div style=\"height:23px\" aria-hidden=\"true\" class=\"wp-block-spacer\"><\/div>\n\n\n\n<div class=\"wp-block-image\"><figure class=\"alignleft size-large is-resized\"><img fetchpriority=\"high\" decoding=\"async\" src=\"https:\/\/wp.stadelmannbeck.ch\/wp-content\/uploads\/2022\/01\/asdfaswer-edited.png\" alt=\"\" class=\"wp-image-319\" width=\"397\" height=\"223\" srcset=\"https:\/\/wp.stadelmannbeck.ch\/wp-content\/uploads\/2022\/01\/asdfaswer-edited.png 7360w, https:\/\/wp.stadelmannbeck.ch\/wp-content\/uploads\/2022\/01\/asdfaswer-edited-300x169.png 300w, https:\/\/wp.stadelmannbeck.ch\/wp-content\/uploads\/2022\/01\/asdfaswer-edited-1024x577.png 1024w, https:\/\/wp.stadelmannbeck.ch\/wp-content\/uploads\/2022\/01\/asdfaswer-edited-768x433.png 768w, https:\/\/wp.stadelmannbeck.ch\/wp-content\/uploads\/2022\/01\/asdfaswer-edited-1536x865.png 1536w, https:\/\/wp.stadelmannbeck.ch\/wp-content\/uploads\/2022\/01\/asdfaswer-edited-2048x1153.png 2048w, https:\/\/wp.stadelmannbeck.ch\/wp-content\/uploads\/2022\/01\/asdfaswer-edited-1140x642.png 1140w\" sizes=\"(max-width: 397px) 100vw, 397px\" \/><\/figure><\/div>\n\n\n\n<p>Wir bem\u00fchen uns t\u00e4glich aus hochwertigen Rohstoffen Produkte herzustellen, die&nbsp; alle hohen Qualit\u00e4tsstandards erf\u00fcllen. Wir legen grossen Wert m\u00f6glichst regionale Rohstoffe zu verarbeiten. <\/p>\n\n\n\n<p><\/p>\n\n\n\n<div style=\"height:22px\" aria-hidden=\"true\" class=\"wp-block-spacer\"><\/div>\n\n\n\n<div class=\"wp-block-image\"><figure class=\"alignleft size-large is-resized\"><img decoding=\"async\" src=\"https:\/\/wp.stadelmannbeck.ch\/wp-content\/uploads\/2022\/01\/cropped-DSC0053-edited.png\" alt=\"\" class=\"wp-image-320\" width=\"399\" height=\"224\" srcset=\"https:\/\/wp.stadelmannbeck.ch\/wp-content\/uploads\/2022\/01\/cropped-DSC0053-edited.png 1500w, https:\/\/wp.stadelmannbeck.ch\/wp-content\/uploads\/2022\/01\/cropped-DSC0053-edited-300x169.png 300w, https:\/\/wp.stadelmannbeck.ch\/wp-content\/uploads\/2022\/01\/cropped-DSC0053-edited-1024x575.png 1024w, https:\/\/wp.stadelmannbeck.ch\/wp-content\/uploads\/2022\/01\/cropped-DSC0053-edited-768x432.png 768w, https:\/\/wp.stadelmannbeck.ch\/wp-content\/uploads\/2022\/01\/cropped-DSC0053-edited-1140x641.png 1140w\" sizes=\"(max-width: 399px) 100vw, 399px\" \/><\/figure><\/div>\n\n\n\n<p>So werden laktosefreie Molkereiprodukte wie Frischmilch, Rahm, Joghurt etc. nur von der in der Region ans\u00e4ssigen Napfmilch aus Hergiswil verarbeitet. Alle unsere Hauptmehle kommen von der nahe gelegenen M\u00fchle Landshut aus Utzensdorf, wo gleich neben der M\u00fchle die Getreidefelder stehen.<\/p>\n","protected":false},"excerpt":{"rendered":"<p>WILLKOMMEN IN DER LAKTOSEFREIEN B\u00c4CKEREI STADELMANN Seit 1955 steht unser Betrieb f\u00fcr Qualit\u00e4t und Frische ein. Die Kundenzufriedenheit ist immer an erster Stelle. Wir bem\u00fchen uns t\u00e4glich aus hochwertigen Rohstoffen Produkte herzustellen, die&nbsp; alle hohen Qualit\u00e4tsstandards erf\u00fcllen. Wir legen grossen Wert m\u00f6glichst regionale Rohstoffe zu verarbeiten. So werden laktosefreie Molkereiprodukte wie Frischmilch, Rahm, Joghurt etc. nur von der in der Region ans\u00e4ssigen Napfmilch aus Hergiswil verarbeitet. Alle unsere Hauptmehle kommen von der nahe gelegenen M\u00fchle Landshut aus Utzensdorf, wo gleich neben der M\u00fchle die Getreidefelder stehen.<\/p>\n","protected":false},"author":1,"featured_media":0,"parent":0,"menu_order":0,"comment_status":"closed","ping_status":"closed","template":"","meta":{"footnotes":""},"class_list":["post-133","page","type-page","status-publish","hentry"],"yoast_head":"<!-- This site is optimized with the Yoast SEO plugin v27.4 - https:\/\/yoast.com\/product\/yoast-seo-wordpress\/ -->\n<title>Betrieb - B\u00e4ckerei Konditorei Stadelmann<\/title>\n<meta name=\"robots\" content=\"index, follow, max-snippet:-1, max-image-preview:large, max-video-preview:-1\" \/>\n<link rel=\"canonical\" href=\"https:\/\/wp.stadelmannbeck.ch\/?page_id=133\" \/>\n<meta property=\"og:locale\" content=\"de_DE\" \/>\n<meta property=\"og:type\" content=\"article\" \/>\n<meta property=\"og:title\" content=\"Betrieb - B\u00e4ckerei Konditorei Stadelmann\" \/>\n<meta property=\"og:description\" content=\"WILLKOMMEN IN DER LAKTOSEFREIEN B\u00c4CKEREI STADELMANN Seit 1955 steht unser Betrieb f\u00fcr Qualit\u00e4t und Frische ein. Die Kundenzufriedenheit ist immer an erster Stelle. Wir bem\u00fchen uns t\u00e4glich aus hochwertigen Rohstoffen Produkte herzustellen, die&nbsp; alle hohen Qualit\u00e4tsstandards erf\u00fcllen. Wir legen grossen Wert m\u00f6glichst regionale Rohstoffe zu verarbeiten. So werden laktosefreie Molkereiprodukte wie Frischmilch, Rahm, Joghurt etc. nur von der in der Region ans\u00e4ssigen Napfmilch aus Hergiswil verarbeitet. Alle unsere Hauptmehle kommen von der nahe gelegenen M\u00fchle Landshut aus Utzensdorf, wo gleich neben der M\u00fchle die Getreidefelder stehen.\" \/>\n<meta property=\"og:url\" content=\"https:\/\/wp.stadelmannbeck.ch\/?page_id=133\" \/>\n<meta property=\"og:site_name\" content=\"B\u00e4ckerei Konditorei Stadelmann\" \/>\n<meta property=\"article:modified_time\" content=\"2022-01-25T14:26:39+00:00\" \/>\n<meta property=\"og:image\" content=\"https:\/\/wp.stadelmannbeck.ch\/wp-content\/uploads\/2022\/01\/asdfaswer-edited.png\" \/>\n<meta name=\"twitter:card\" content=\"summary_large_image\" \/>\n<meta name=\"twitter:label1\" content=\"Gesch\u00e4tzte Lesezeit\" \/>\n\t<meta name=\"twitter:data1\" content=\"1\u00a0Minute\" \/>\n<script type=\"application\/ld+json\" class=\"yoast-schema-graph\">{\"@context\":\"https:\\\/\\\/schema.org\",\"@graph\":[{\"@type\":\"WebPage\",\"@id\":\"https:\\\/\\\/wp.stadelmannbeck.ch\\\/?page_id=133\",\"url\":\"https:\\\/\\\/wp.stadelmannbeck.ch\\\/?page_id=133\",\"name\":\"Betrieb - B\u00e4ckerei Konditorei Stadelmann\",\"isPartOf\":{\"@id\":\"https:\\\/\\\/wp.stadelmannbeck.ch\\\/#website\"},\"primaryImageOfPage\":{\"@id\":\"https:\\\/\\\/wp.stadelmannbeck.ch\\\/?page_id=133#primaryimage\"},\"image\":{\"@id\":\"https:\\\/\\\/wp.stadelmannbeck.ch\\\/?page_id=133#primaryimage\"},\"thumbnailUrl\":\"https:\\\/\\\/wp.stadelmannbeck.ch\\\/wp-content\\\/uploads\\\/2022\\\/01\\\/asdfaswer-edited.png\",\"datePublished\":\"2021-08-17T22:50:10+00:00\",\"dateModified\":\"2022-01-25T14:26:39+00:00\",\"breadcrumb\":{\"@id\":\"https:\\\/\\\/wp.stadelmannbeck.ch\\\/?page_id=133#breadcrumb\"},\"inLanguage\":\"de\",\"potentialAction\":[{\"@type\":\"ReadAction\",\"target\":[\"https:\\\/\\\/wp.stadelmannbeck.ch\\\/?page_id=133\"]}]},{\"@type\":\"ImageObject\",\"inLanguage\":\"de\",\"@id\":\"https:\\\/\\\/wp.stadelmannbeck.ch\\\/?page_id=133#primaryimage\",\"url\":\"https:\\\/\\\/wp.stadelmannbeck.ch\\\/wp-content\\\/uploads\\\/2022\\\/01\\\/asdfaswer-edited.png\",\"contentUrl\":\"https:\\\/\\\/wp.stadelmannbeck.ch\\\/wp-content\\\/uploads\\\/2022\\\/01\\\/asdfaswer-edited.png\",\"width\":7360,\"height\":4145},{\"@type\":\"BreadcrumbList\",\"@id\":\"https:\\\/\\\/wp.stadelmannbeck.ch\\\/?page_id=133#breadcrumb\",\"itemListElement\":[{\"@type\":\"ListItem\",\"position\":1,\"name\":\"Startseite\",\"item\":\"https:\\\/\\\/wp.stadelmannbeck.ch\\\/\"},{\"@type\":\"ListItem\",\"position\":2,\"name\":\"Betrieb\"}]},{\"@type\":\"WebSite\",\"@id\":\"https:\\\/\\\/wp.stadelmannbeck.ch\\\/#website\",\"url\":\"https:\\\/\\\/wp.stadelmannbeck.ch\\\/\",\"name\":\"B\u00e4ckerei Konditorei Stadelmann\",\"description\":\"\",\"publisher\":{\"@id\":\"https:\\\/\\\/wp.stadelmannbeck.ch\\\/#organization\"},\"potentialAction\":[{\"@type\":\"SearchAction\",\"target\":{\"@type\":\"EntryPoint\",\"urlTemplate\":\"https:\\\/\\\/wp.stadelmannbeck.ch\\\/?s={search_term_string}\"},\"query-input\":{\"@type\":\"PropertyValueSpecification\",\"valueRequired\":true,\"valueName\":\"search_term_string\"}}],\"inLanguage\":\"de\"},{\"@type\":\"Organization\",\"@id\":\"https:\\\/\\\/wp.stadelmannbeck.ch\\\/#organization\",\"name\":\"B\u00e4ckerei Konditorei Stadelmann\",\"url\":\"https:\\\/\\\/wp.stadelmannbeck.ch\\\/\",\"logo\":{\"@type\":\"ImageObject\",\"inLanguage\":\"de\",\"@id\":\"https:\\\/\\\/wp.stadelmannbeck.ch\\\/#\\\/schema\\\/logo\\\/image\\\/\",\"url\":\"https:\\\/\\\/wp.stadelmannbeck.ch\\\/wp-content\\\/uploads\\\/2022\\\/01\\\/cropped-897889564-1.png\",\"contentUrl\":\"https:\\\/\\\/wp.stadelmannbeck.ch\\\/wp-content\\\/uploads\\\/2022\\\/01\\\/cropped-897889564-1.png\",\"width\":1000,\"height\":542,\"caption\":\"B\u00e4ckerei Konditorei Stadelmann\"},\"image\":{\"@id\":\"https:\\\/\\\/wp.stadelmannbeck.ch\\\/#\\\/schema\\\/logo\\\/image\\\/\"}}]}<\/script>\n<!-- \/ Yoast SEO plugin. -->","yoast_head_json":{"title":"Betrieb - B\u00e4ckerei Konditorei Stadelmann","robots":{"index":"index","follow":"follow","max-snippet":"max-snippet:-1","max-image-preview":"max-image-preview:large","max-video-preview":"max-video-preview:-1"},"canonical":"https:\/\/wp.stadelmannbeck.ch\/?page_id=133","og_locale":"de_DE","og_type":"article","og_title":"Betrieb - B\u00e4ckerei Konditorei Stadelmann","og_description":"WILLKOMMEN IN DER LAKTOSEFREIEN B\u00c4CKEREI STADELMANN Seit 1955 steht unser Betrieb f\u00fcr Qualit\u00e4t und Frische ein. Die Kundenzufriedenheit ist immer an erster Stelle. Wir bem\u00fchen uns t\u00e4glich aus hochwertigen Rohstoffen Produkte herzustellen, die&nbsp; alle hohen Qualit\u00e4tsstandards erf\u00fcllen. Wir legen grossen Wert m\u00f6glichst regionale Rohstoffe zu verarbeiten. So werden laktosefreie Molkereiprodukte wie Frischmilch, Rahm, Joghurt etc. nur von der in der Region ans\u00e4ssigen Napfmilch aus Hergiswil verarbeitet. Alle unsere Hauptmehle kommen von der nahe gelegenen M\u00fchle Landshut aus Utzensdorf, wo gleich neben der M\u00fchle die Getreidefelder stehen.","og_url":"https:\/\/wp.stadelmannbeck.ch\/?page_id=133","og_site_name":"B\u00e4ckerei Konditorei Stadelmann","article_modified_time":"2022-01-25T14:26:39+00:00","og_image":[{"url":"https:\/\/wp.stadelmannbeck.ch\/wp-content\/uploads\/2022\/01\/asdfaswer-edited.png","type":"","width":"","height":""}],"twitter_card":"summary_large_image","twitter_misc":{"Gesch\u00e4tzte Lesezeit":"1\u00a0Minute"},"schema":{"@context":"https:\/\/schema.org","@graph":[{"@type":"WebPage","@id":"https:\/\/wp.stadelmannbeck.ch\/?page_id=133","url":"https:\/\/wp.stadelmannbeck.ch\/?page_id=133","name":"Betrieb - B\u00e4ckerei Konditorei Stadelmann","isPartOf":{"@id":"https:\/\/wp.stadelmannbeck.ch\/#website"},"primaryImageOfPage":{"@id":"https:\/\/wp.stadelmannbeck.ch\/?page_id=133#primaryimage"},"image":{"@id":"https:\/\/wp.stadelmannbeck.ch\/?page_id=133#primaryimage"},"thumbnailUrl":"https:\/\/wp.stadelmannbeck.ch\/wp-content\/uploads\/2022\/01\/asdfaswer-edited.png","datePublished":"2021-08-17T22:50:10+00:00","dateModified":"2022-01-25T14:26:39+00:00","breadcrumb":{"@id":"https:\/\/wp.stadelmannbeck.ch\/?page_id=133#breadcrumb"},"inLanguage":"de","potentialAction":[{"@type":"ReadAction","target":["https:\/\/wp.stadelmannbeck.ch\/?page_id=133"]}]},{"@type":"ImageObject","inLanguage":"de","@id":"https:\/\/wp.stadelmannbeck.ch\/?page_id=133#primaryimage","url":"https:\/\/wp.stadelmannbeck.ch\/wp-content\/uploads\/2022\/01\/asdfaswer-edited.png","contentUrl":"https:\/\/wp.stadelmannbeck.ch\/wp-content\/uploads\/2022\/01\/asdfaswer-edited.png","width":7360,"height":4145},{"@type":"BreadcrumbList","@id":"https:\/\/wp.stadelmannbeck.ch\/?page_id=133#breadcrumb","itemListElement":[{"@type":"ListItem","position":1,"name":"Startseite","item":"https:\/\/wp.stadelmannbeck.ch\/"},{"@type":"ListItem","position":2,"name":"Betrieb"}]},{"@type":"WebSite","@id":"https:\/\/wp.stadelmannbeck.ch\/#website","url":"https:\/\/wp.stadelmannbeck.ch\/","name":"B\u00e4ckerei Konditorei Stadelmann","description":"","publisher":{"@id":"https:\/\/wp.stadelmannbeck.ch\/#organization"},"potentialAction":[{"@type":"SearchAction","target":{"@type":"EntryPoint","urlTemplate":"https:\/\/wp.stadelmannbeck.ch\/?s={search_term_string}"},"query-input":{"@type":"PropertyValueSpecification","valueRequired":true,"valueName":"search_term_string"}}],"inLanguage":"de"},{"@type":"Organization","@id":"https:\/\/wp.stadelmannbeck.ch\/#organization","name":"B\u00e4ckerei Konditorei Stadelmann","url":"https:\/\/wp.stadelmannbeck.ch\/","logo":{"@type":"ImageObject","inLanguage":"de","@id":"https:\/\/wp.stadelmannbeck.ch\/#\/schema\/logo\/image\/","url":"https:\/\/wp.stadelmannbeck.ch\/wp-content\/uploads\/2022\/01\/cropped-897889564-1.png","contentUrl":"https:\/\/wp.stadelmannbeck.ch\/wp-content\/uploads\/2022\/01\/cropped-897889564-1.png","width":1000,"height":542,"caption":"B\u00e4ckerei Konditorei Stadelmann"},"image":{"@id":"https:\/\/wp.stadelmannbeck.ch\/#\/schema\/logo\/image\/"}}]}},"_links":{"self":[{"href":"https:\/\/wp.stadelmannbeck.ch\/index.php?rest_route=\/wp\/v2\/pages\/133","targetHints":{"allow":["GET"]}}],"collection":[{"href":"https:\/\/wp.stadelmannbeck.ch\/index.php?rest_route=\/wp\/v2\/pages"}],"about":[{"href":"https:\/\/wp.stadelmannbeck.ch\/index.php?rest_route=\/wp\/v2\/types\/page"}],"author":[{"embeddable":true,"href":"https:\/\/wp.stadelmannbeck.ch\/index.php?rest_route=\/wp\/v2\/users\/1"}],"replies":[{"embeddable":true,"href":"https:\/\/wp.stadelmannbeck.ch\/index.php?rest_route=%2Fwp%2Fv2%2Fcomments&post=133"}],"version-history":[{"count":13,"href":"https:\/\/wp.stadelmannbeck.ch\/index.php?rest_route=\/wp\/v2\/pages\/133\/revisions"}],"predecessor-version":[{"id":345,"href":"https:\/\/wp.stadelmannbeck.ch\/index.php?rest_route=\/wp\/v2\/pages\/133\/revisions\/345"}],"wp:attachment":[{"href":"https:\/\/wp.stadelmannbeck.ch\/index.php?rest_route=%2Fwp%2Fv2%2Fmedia&parent=133"}],"curies":[{"name":"wp","href":"https:\/\/api.w.org\/{rel}","templated":true}]}}