{"id":148,"date":"2021-08-17T22:52:06","date_gmt":"2021-08-17T22:52:06","guid":{"rendered":"https:\/\/wp.stadelmannbeck.ch\/?page_id=148"},"modified":"2025-06-18T12:24:05","modified_gmt":"2025-06-18T12:24:05","slug":"partyservice","status":"publish","type":"page","link":"https:\/\/wp.stadelmannbeck.ch\/?page_id=148","title":{"rendered":"Partyservice"},"content":{"rendered":"\n<div style=\"height:25px\" aria-hidden=\"true\" class=\"wp-block-spacer\"><\/div>\n\n\n\n<p>Sie haben einen Anlass, Sie feiern Hochzeit, Geburtstag, ein Jubil\u00e4um oder einfach etwas. Wir unterst\u00fctzen Sie gerne.<\/p>\n\n\n\n<p><\/p>\n\n\n\n<p>Einen Ap\u00e9ro, einen Ap\u00e9ro riche oder einen Stehlunch fragen Sie uns, wir helfen Ihnen gerne. <\/p>\n\n\n\n<div style=\"height:35px\" aria-hidden=\"true\" class=\"wp-block-spacer\"><\/div>\n\n\n\n<figure class=\"wp-block-gallery has-nested-images columns-default is-cropped wp-block-gallery-1 is-layout-flex wp-block-gallery-is-layout-flex\">\n<figure class=\"wp-block-image size-large\"><img fetchpriority=\"high\" decoding=\"async\" width=\"2272\" height=\"1704\" data-id=\"351\" src=\"https:\/\/wp.stadelmannbeck.ch\/wp-content\/uploads\/2022\/01\/f_080216_07.jpg\" alt=\"\" class=\"wp-image-351\" srcset=\"https:\/\/wp.stadelmannbeck.ch\/wp-content\/uploads\/2022\/01\/f_080216_07.jpg 2272w, https:\/\/wp.stadelmannbeck.ch\/wp-content\/uploads\/2022\/01\/f_080216_07-300x225.jpg 300w, https:\/\/wp.stadelmannbeck.ch\/wp-content\/uploads\/2022\/01\/f_080216_07-1024x768.jpg 1024w, https:\/\/wp.stadelmannbeck.ch\/wp-content\/uploads\/2022\/01\/f_080216_07-768x576.jpg 768w, https:\/\/wp.stadelmannbeck.ch\/wp-content\/uploads\/2022\/01\/f_080216_07-1536x1152.jpg 1536w, https:\/\/wp.stadelmannbeck.ch\/wp-content\/uploads\/2022\/01\/f_080216_07-2048x1536.jpg 2048w, https:\/\/wp.stadelmannbeck.ch\/wp-content\/uploads\/2022\/01\/f_080216_07-1140x855.jpg 1140w\" sizes=\"(max-width: 2272px) 100vw, 2272px\" \/><\/figure>\n\n\n\n<figure class=\"wp-block-image size-large\"><img decoding=\"async\" width=\"2560\" height=\"1920\" data-id=\"474\" src=\"https:\/\/wp.stadelmannbeck.ch\/wp-content\/uploads\/2022\/01\/IMG_0446-scaled.jpg\" alt=\"\" class=\"wp-image-474\" srcset=\"https:\/\/wp.stadelmannbeck.ch\/wp-content\/uploads\/2022\/01\/IMG_0446-scaled.jpg 2560w, https:\/\/wp.stadelmannbeck.ch\/wp-content\/uploads\/2022\/01\/IMG_0446-300x225.jpg 300w, https:\/\/wp.stadelmannbeck.ch\/wp-content\/uploads\/2022\/01\/IMG_0446-1024x768.jpg 1024w, https:\/\/wp.stadelmannbeck.ch\/wp-content\/uploads\/2022\/01\/IMG_0446-768x576.jpg 768w, https:\/\/wp.stadelmannbeck.ch\/wp-content\/uploads\/2022\/01\/IMG_0446-1536x1152.jpg 1536w, https:\/\/wp.stadelmannbeck.ch\/wp-content\/uploads\/2022\/01\/IMG_0446-2048x1536.jpg 2048w, https:\/\/wp.stadelmannbeck.ch\/wp-content\/uploads\/2022\/01\/IMG_0446-1140x855.jpg 1140w\" sizes=\"(max-width: 2560px) 100vw, 2560px\" \/><\/figure>\n<\/figure>\n\n\n\n<div style=\"height:35px\" aria-hidden=\"true\" class=\"wp-block-spacer\"><\/div>\n\n\n\n<p><\/p>\n\n\n\n<p>Zum Abschluss Ihres Anlasses darf das Dessert nicht fehlen. Auch f\u00fcr diesen Moment sind Sie bei uns richtig. <\/p>\n\n\n\n<div style=\"height:32px\" aria-hidden=\"true\" class=\"wp-block-spacer\"><\/div>\n\n\n\n<p>Sie bestimmen, welche Leistungen Sie ben\u00f6tigen. Ein Rund um Paket ist nat\u00fcrlich auch m\u00f6glich. St\u00f6bern Sie in unseren Angeboten und nehmen Sie sich die Dienstleistung heraus, welche sie brauchen. F\u00fcr die entsprechenden Unterlagen des Angebots nehmen Sie gerne mit uns Kontakt auf.<\/p>\n\n\n\n<div style=\"height:28px\" aria-hidden=\"true\" class=\"wp-block-spacer\"><\/div>\n\n\n\n<div class=\"wp-block-file\"><a id=\"wp-block-file--media-4d216b9b-c302-4550-8558-b37e7e7996b4\" href=\"https:\/\/wp.stadelmannbeck.ch\/wp-content\/uploads\/2025\/06\/AperoDessert-Service-Angebot.pdf\">Apero&#038;Dessert-Service-Angebot<\/a><a href=\"https:\/\/wp.stadelmannbeck.ch\/wp-content\/uploads\/2025\/06\/AperoDessert-Service-Angebot.pdf\" class=\"wp-block-file__button wp-element-button\" download aria-describedby=\"wp-block-file--media-4d216b9b-c302-4550-8558-b37e7e7996b4\">Herunterladen<\/a><\/div>\n\n\n\n<div class=\"wp-block-file\"><a id=\"wp-block-file--media-14dd4925-e343-4b14-9797-8f9e115248b3\" href=\"https:\/\/wp.stadelmannbeck.ch\/wp-content\/uploads\/2024\/01\/Apero-Getraenke-Angebot.pdf\">Apero-Getraenke-Angebot<\/a><a href=\"https:\/\/wp.stadelmannbeck.ch\/wp-content\/uploads\/2024\/01\/Apero-Getraenke-Angebot.pdf\" class=\"wp-block-file__button wp-element-button\" download aria-describedby=\"wp-block-file--media-14dd4925-e343-4b14-9797-8f9e115248b3\">Herunterladen<\/a><\/div>\n\n\n\n<div class=\"wp-block-file\"><a id=\"wp-block-file--media-f1d9e7a8-e654-4a54-8647-9fd7e69ce493\" href=\"https:\/\/wp.stadelmannbeck.ch\/wp-content\/uploads\/2024\/01\/Stehlunch-Angebot.pdf\">Stehlunch-Angebot<\/a><a href=\"https:\/\/wp.stadelmannbeck.ch\/wp-content\/uploads\/2024\/01\/Stehlunch-Angebot.pdf\" class=\"wp-block-file__button wp-element-button\" download aria-describedby=\"wp-block-file--media-f1d9e7a8-e654-4a54-8647-9fd7e69ce493\">Herunterladen<\/a><\/div>\n\n\n\n<p style=\"font-size:13px\">[Preis\u00e4nderungen vorbehalten]<\/p>\n\n\n\n<div style=\"height:28px\" aria-hidden=\"true\" class=\"wp-block-spacer\"><\/div>\n\n\n\n<p>Wir freuen uns, Ihnen f\u00fcr Ihren Anlass einen Beitrag leisten zu d\u00fcrfen.<\/p>\n\n\n\n<div style=\"height:19px\" aria-hidden=\"true\" class=\"wp-block-spacer\"><\/div>\n\n\n\n<p>Z\u00f6gern Sie nicht und kontaktieren Sie uns!<\/p>\n","protected":false},"excerpt":{"rendered":"<p>Sie haben einen Anlass, Sie feiern Hochzeit, Geburtstag, ein Jubil\u00e4um oder einfach etwas. Wir unterst\u00fctzen Sie gerne. Einen Ap\u00e9ro, einen Ap\u00e9ro riche oder einen Stehlunch fragen Sie uns, wir helfen Ihnen gerne. Zum Abschluss Ihres Anlasses darf das Dessert nicht fehlen. Auch f\u00fcr diesen Moment sind Sie bei uns richtig. Sie bestimmen, welche Leistungen Sie ben\u00f6tigen. Ein Rund um Paket ist nat\u00fcrlich auch m\u00f6glich. St\u00f6bern Sie in unseren Angeboten und nehmen Sie sich die Dienstleistung heraus, welche sie brauchen. F\u00fcr die entsprechenden Unterlagen des Angebots nehmen Sie gerne mit uns Kontakt auf. [Preis\u00e4nderungen vorbehalten] Wir freuen uns, Ihnen f\u00fcr Ihren Anlass einen Beitrag leisten zu d\u00fcrfen. Z\u00f6gern Sie nicht und kontaktieren Sie uns!<\/p>\n","protected":false},"author":1,"featured_media":0,"parent":0,"menu_order":0,"comment_status":"closed","ping_status":"closed","template":"","meta":{"footnotes":""},"class_list":["post-148","page","type-page","status-publish","hentry"],"yoast_head":"<!-- This site is optimized with the Yoast SEO plugin v27.4 - https:\/\/yoast.com\/product\/yoast-seo-wordpress\/ -->\n<title>Partyservice - B\u00e4ckerei Konditorei Stadelmann<\/title>\n<meta name=\"robots\" content=\"index, follow, max-snippet:-1, max-image-preview:large, max-video-preview:-1\" \/>\n<link rel=\"canonical\" href=\"https:\/\/wp.stadelmannbeck.ch\/?page_id=148\" \/>\n<meta property=\"og:locale\" content=\"de_DE\" \/>\n<meta property=\"og:type\" content=\"article\" \/>\n<meta property=\"og:title\" content=\"Partyservice - B\u00e4ckerei Konditorei Stadelmann\" \/>\n<meta property=\"og:description\" content=\"Sie haben einen Anlass, Sie feiern Hochzeit, Geburtstag, ein Jubil\u00e4um oder einfach etwas. Wir unterst\u00fctzen Sie gerne. Einen Ap\u00e9ro, einen Ap\u00e9ro riche oder einen Stehlunch fragen Sie uns, wir helfen Ihnen gerne. Zum Abschluss Ihres Anlasses darf das Dessert nicht fehlen. Auch f\u00fcr diesen Moment sind Sie bei uns richtig. Sie bestimmen, welche Leistungen Sie ben\u00f6tigen. Ein Rund um Paket ist nat\u00fcrlich auch m\u00f6glich. St\u00f6bern Sie in unseren Angeboten und nehmen Sie sich die Dienstleistung heraus, welche sie brauchen. F\u00fcr die entsprechenden Unterlagen des Angebots nehmen Sie gerne mit uns Kontakt auf. [Preis\u00e4nderungen vorbehalten] Wir freuen uns, Ihnen f\u00fcr Ihren Anlass einen Beitrag leisten zu d\u00fcrfen. Z\u00f6gern Sie nicht und kontaktieren Sie uns!\" \/>\n<meta property=\"og:url\" content=\"https:\/\/wp.stadelmannbeck.ch\/?page_id=148\" \/>\n<meta property=\"og:site_name\" content=\"B\u00e4ckerei Konditorei Stadelmann\" \/>\n<meta property=\"article:modified_time\" content=\"2025-06-18T12:24:05+00:00\" \/>\n<meta property=\"og:image\" content=\"https:\/\/wp.stadelmannbeck.ch\/wp-content\/uploads\/2022\/01\/f_080216_07.jpg\" \/>\n\t<meta property=\"og:image:width\" content=\"2272\" \/>\n\t<meta property=\"og:image:height\" content=\"1704\" \/>\n\t<meta property=\"og:image:type\" content=\"image\/jpeg\" \/>\n<meta name=\"twitter:card\" content=\"summary_large_image\" \/>\n<meta name=\"twitter:label1\" content=\"Gesch\u00e4tzte Lesezeit\" \/>\n\t<meta name=\"twitter:data1\" content=\"2\u00a0Minuten\" \/>\n<script type=\"application\/ld+json\" class=\"yoast-schema-graph\">{\"@context\":\"https:\\\/\\\/schema.org\",\"@graph\":[{\"@type\":\"WebPage\",\"@id\":\"https:\\\/\\\/wp.stadelmannbeck.ch\\\/?page_id=148\",\"url\":\"https:\\\/\\\/wp.stadelmannbeck.ch\\\/?page_id=148\",\"name\":\"Partyservice - B\u00e4ckerei Konditorei Stadelmann\",\"isPartOf\":{\"@id\":\"https:\\\/\\\/wp.stadelmannbeck.ch\\\/#website\"},\"primaryImageOfPage\":{\"@id\":\"https:\\\/\\\/wp.stadelmannbeck.ch\\\/?page_id=148#primaryimage\"},\"image\":{\"@id\":\"https:\\\/\\\/wp.stadelmannbeck.ch\\\/?page_id=148#primaryimage\"},\"thumbnailUrl\":\"https:\\\/\\\/wp.stadelmannbeck.ch\\\/wp-content\\\/uploads\\\/2022\\\/01\\\/f_080216_07.jpg\",\"datePublished\":\"2021-08-17T22:52:06+00:00\",\"dateModified\":\"2025-06-18T12:24:05+00:00\",\"breadcrumb\":{\"@id\":\"https:\\\/\\\/wp.stadelmannbeck.ch\\\/?page_id=148#breadcrumb\"},\"inLanguage\":\"de\",\"potentialAction\":[{\"@type\":\"ReadAction\",\"target\":[\"https:\\\/\\\/wp.stadelmannbeck.ch\\\/?page_id=148\"]}]},{\"@type\":\"ImageObject\",\"inLanguage\":\"de\",\"@id\":\"https:\\\/\\\/wp.stadelmannbeck.ch\\\/?page_id=148#primaryimage\",\"url\":\"https:\\\/\\\/wp.stadelmannbeck.ch\\\/wp-content\\\/uploads\\\/2022\\\/01\\\/f_080216_07.jpg\",\"contentUrl\":\"https:\\\/\\\/wp.stadelmannbeck.ch\\\/wp-content\\\/uploads\\\/2022\\\/01\\\/f_080216_07.jpg\",\"width\":2272,\"height\":1704},{\"@type\":\"BreadcrumbList\",\"@id\":\"https:\\\/\\\/wp.stadelmannbeck.ch\\\/?page_id=148#breadcrumb\",\"itemListElement\":[{\"@type\":\"ListItem\",\"position\":1,\"name\":\"Startseite\",\"item\":\"https:\\\/\\\/wp.stadelmannbeck.ch\\\/\"},{\"@type\":\"ListItem\",\"position\":2,\"name\":\"Partyservice\"}]},{\"@type\":\"WebSite\",\"@id\":\"https:\\\/\\\/wp.stadelmannbeck.ch\\\/#website\",\"url\":\"https:\\\/\\\/wp.stadelmannbeck.ch\\\/\",\"name\":\"B\u00e4ckerei Konditorei Stadelmann\",\"description\":\"\",\"publisher\":{\"@id\":\"https:\\\/\\\/wp.stadelmannbeck.ch\\\/#organization\"},\"potentialAction\":[{\"@type\":\"SearchAction\",\"target\":{\"@type\":\"EntryPoint\",\"urlTemplate\":\"https:\\\/\\\/wp.stadelmannbeck.ch\\\/?s={search_term_string}\"},\"query-input\":{\"@type\":\"PropertyValueSpecification\",\"valueRequired\":true,\"valueName\":\"search_term_string\"}}],\"inLanguage\":\"de\"},{\"@type\":\"Organization\",\"@id\":\"https:\\\/\\\/wp.stadelmannbeck.ch\\\/#organization\",\"name\":\"B\u00e4ckerei Konditorei Stadelmann\",\"url\":\"https:\\\/\\\/wp.stadelmannbeck.ch\\\/\",\"logo\":{\"@type\":\"ImageObject\",\"inLanguage\":\"de\",\"@id\":\"https:\\\/\\\/wp.stadelmannbeck.ch\\\/#\\\/schema\\\/logo\\\/image\\\/\",\"url\":\"https:\\\/\\\/wp.stadelmannbeck.ch\\\/wp-content\\\/uploads\\\/2022\\\/01\\\/cropped-897889564-1.png\",\"contentUrl\":\"https:\\\/\\\/wp.stadelmannbeck.ch\\\/wp-content\\\/uploads\\\/2022\\\/01\\\/cropped-897889564-1.png\",\"width\":1000,\"height\":542,\"caption\":\"B\u00e4ckerei Konditorei Stadelmann\"},\"image\":{\"@id\":\"https:\\\/\\\/wp.stadelmannbeck.ch\\\/#\\\/schema\\\/logo\\\/image\\\/\"}}]}<\/script>\n<!-- \/ Yoast SEO plugin. -->","yoast_head_json":{"title":"Partyservice - B\u00e4ckerei Konditorei Stadelmann","robots":{"index":"index","follow":"follow","max-snippet":"max-snippet:-1","max-image-preview":"max-image-preview:large","max-video-preview":"max-video-preview:-1"},"canonical":"https:\/\/wp.stadelmannbeck.ch\/?page_id=148","og_locale":"de_DE","og_type":"article","og_title":"Partyservice - B\u00e4ckerei Konditorei Stadelmann","og_description":"Sie haben einen Anlass, Sie feiern Hochzeit, Geburtstag, ein Jubil\u00e4um oder einfach etwas. Wir unterst\u00fctzen Sie gerne. Einen Ap\u00e9ro, einen Ap\u00e9ro riche oder einen Stehlunch fragen Sie uns, wir helfen Ihnen gerne. Zum Abschluss Ihres Anlasses darf das Dessert nicht fehlen. Auch f\u00fcr diesen Moment sind Sie bei uns richtig. Sie bestimmen, welche Leistungen Sie ben\u00f6tigen. Ein Rund um Paket ist nat\u00fcrlich auch m\u00f6glich. St\u00f6bern Sie in unseren Angeboten und nehmen Sie sich die Dienstleistung heraus, welche sie brauchen. F\u00fcr die entsprechenden Unterlagen des Angebots nehmen Sie gerne mit uns Kontakt auf. [Preis\u00e4nderungen vorbehalten] Wir freuen uns, Ihnen f\u00fcr Ihren Anlass einen Beitrag leisten zu d\u00fcrfen. Z\u00f6gern Sie nicht und kontaktieren Sie uns!","og_url":"https:\/\/wp.stadelmannbeck.ch\/?page_id=148","og_site_name":"B\u00e4ckerei Konditorei Stadelmann","article_modified_time":"2025-06-18T12:24:05+00:00","og_image":[{"width":2272,"height":1704,"url":"https:\/\/wp.stadelmannbeck.ch\/wp-content\/uploads\/2022\/01\/f_080216_07.jpg","type":"image\/jpeg"}],"twitter_card":"summary_large_image","twitter_misc":{"Gesch\u00e4tzte Lesezeit":"2\u00a0Minuten"},"schema":{"@context":"https:\/\/schema.org","@graph":[{"@type":"WebPage","@id":"https:\/\/wp.stadelmannbeck.ch\/?page_id=148","url":"https:\/\/wp.stadelmannbeck.ch\/?page_id=148","name":"Partyservice - B\u00e4ckerei Konditorei Stadelmann","isPartOf":{"@id":"https:\/\/wp.stadelmannbeck.ch\/#website"},"primaryImageOfPage":{"@id":"https:\/\/wp.stadelmannbeck.ch\/?page_id=148#primaryimage"},"image":{"@id":"https:\/\/wp.stadelmannbeck.ch\/?page_id=148#primaryimage"},"thumbnailUrl":"https:\/\/wp.stadelmannbeck.ch\/wp-content\/uploads\/2022\/01\/f_080216_07.jpg","datePublished":"2021-08-17T22:52:06+00:00","dateModified":"2025-06-18T12:24:05+00:00","breadcrumb":{"@id":"https:\/\/wp.stadelmannbeck.ch\/?page_id=148#breadcrumb"},"inLanguage":"de","potentialAction":[{"@type":"ReadAction","target":["https:\/\/wp.stadelmannbeck.ch\/?page_id=148"]}]},{"@type":"ImageObject","inLanguage":"de","@id":"https:\/\/wp.stadelmannbeck.ch\/?page_id=148#primaryimage","url":"https:\/\/wp.stadelmannbeck.ch\/wp-content\/uploads\/2022\/01\/f_080216_07.jpg","contentUrl":"https:\/\/wp.stadelmannbeck.ch\/wp-content\/uploads\/2022\/01\/f_080216_07.jpg","width":2272,"height":1704},{"@type":"BreadcrumbList","@id":"https:\/\/wp.stadelmannbeck.ch\/?page_id=148#breadcrumb","itemListElement":[{"@type":"ListItem","position":1,"name":"Startseite","item":"https:\/\/wp.stadelmannbeck.ch\/"},{"@type":"ListItem","position":2,"name":"Partyservice"}]},{"@type":"WebSite","@id":"https:\/\/wp.stadelmannbeck.ch\/#website","url":"https:\/\/wp.stadelmannbeck.ch\/","name":"B\u00e4ckerei Konditorei Stadelmann","description":"","publisher":{"@id":"https:\/\/wp.stadelmannbeck.ch\/#organization"},"potentialAction":[{"@type":"SearchAction","target":{"@type":"EntryPoint","urlTemplate":"https:\/\/wp.stadelmannbeck.ch\/?s={search_term_string}"},"query-input":{"@type":"PropertyValueSpecification","valueRequired":true,"valueName":"search_term_string"}}],"inLanguage":"de"},{"@type":"Organization","@id":"https:\/\/wp.stadelmannbeck.ch\/#organization","name":"B\u00e4ckerei Konditorei Stadelmann","url":"https:\/\/wp.stadelmannbeck.ch\/","logo":{"@type":"ImageObject","inLanguage":"de","@id":"https:\/\/wp.stadelmannbeck.ch\/#\/schema\/logo\/image\/","url":"https:\/\/wp.stadelmannbeck.ch\/wp-content\/uploads\/2022\/01\/cropped-897889564-1.png","contentUrl":"https:\/\/wp.stadelmannbeck.ch\/wp-content\/uploads\/2022\/01\/cropped-897889564-1.png","width":1000,"height":542,"caption":"B\u00e4ckerei Konditorei Stadelmann"},"image":{"@id":"https:\/\/wp.stadelmannbeck.ch\/#\/schema\/logo\/image\/"}}]}},"_links":{"self":[{"href":"https:\/\/wp.stadelmannbeck.ch\/index.php?rest_route=\/wp\/v2\/pages\/148","targetHints":{"allow":["GET"]}}],"collection":[{"href":"https:\/\/wp.stadelmannbeck.ch\/index.php?rest_route=\/wp\/v2\/pages"}],"about":[{"href":"https:\/\/wp.stadelmannbeck.ch\/index.php?rest_route=\/wp\/v2\/types\/page"}],"author":[{"embeddable":true,"href":"https:\/\/wp.stadelmannbeck.ch\/index.php?rest_route=\/wp\/v2\/users\/1"}],"replies":[{"embeddable":true,"href":"https:\/\/wp.stadelmannbeck.ch\/index.php?rest_route=%2Fwp%2Fv2%2Fcomments&post=148"}],"version-history":[{"count":23,"href":"https:\/\/wp.stadelmannbeck.ch\/index.php?rest_route=\/wp\/v2\/pages\/148\/revisions"}],"predecessor-version":[{"id":1381,"href":"https:\/\/wp.stadelmannbeck.ch\/index.php?rest_route=\/wp\/v2\/pages\/148\/revisions\/1381"}],"wp:attachment":[{"href":"https:\/\/wp.stadelmannbeck.ch\/index.php?rest_route=%2Fwp%2Fv2%2Fmedia&parent=148"}],"curies":[{"name":"wp","href":"https:\/\/api.w.org\/{rel}","templated":true}]}}