{"id":163,"date":"2021-08-17T22:56:06","date_gmt":"2021-08-17T22:56:06","guid":{"rendered":"https:\/\/wp.stadelmannbeck.ch\/?page_id=163"},"modified":"2024-01-02T17:12:21","modified_gmt":"2024-01-02T17:12:21","slug":"cafe","status":"publish","type":"page","link":"https:\/\/wp.stadelmannbeck.ch\/?page_id=163","title":{"rendered":"Caf\u00e9"},"content":{"rendered":"\n\n\n<p><\/p>\n\n\n<p style=\"text-align: center;\"><strong>Geniessen Sie in unserem Caf\u00e9 einen aromatischen Kaffee, ein Buttergipfeli, einen Nussgipfel oder ein Patisserie dazu.<\/strong><\/p>\n\n\n<div class=\"wp-block-columns is-layout-flex wp-container-core-columns-is-layout-9d6595d7 wp-block-columns-is-layout-flex\">\n<div class=\"wp-block-column is-layout-flow wp-block-column-is-layout-flow\" style=\"flex-basis:50%\">\n<figure><\/figure>\n\n\n\n<figure class=\"wp-block-image size-large\"><img fetchpriority=\"high\" decoding=\"async\" width=\"1024\" height=\"1024\" src=\"https:\/\/wp.stadelmannbeck.ch\/wp-content\/uploads\/2023\/11\/WhatsApp-Bild-2023-11-18-um-13.51.29_252897aa-1024x1024.jpg\" alt=\"\" class=\"wp-image-931\" srcset=\"https:\/\/wp.stadelmannbeck.ch\/wp-content\/uploads\/2023\/11\/WhatsApp-Bild-2023-11-18-um-13.51.29_252897aa-1024x1024.jpg 1024w, https:\/\/wp.stadelmannbeck.ch\/wp-content\/uploads\/2023\/11\/WhatsApp-Bild-2023-11-18-um-13.51.29_252897aa-300x300.jpg 300w, https:\/\/wp.stadelmannbeck.ch\/wp-content\/uploads\/2023\/11\/WhatsApp-Bild-2023-11-18-um-13.51.29_252897aa-150x150.jpg 150w, https:\/\/wp.stadelmannbeck.ch\/wp-content\/uploads\/2023\/11\/WhatsApp-Bild-2023-11-18-um-13.51.29_252897aa-768x768.jpg 768w, https:\/\/wp.stadelmannbeck.ch\/wp-content\/uploads\/2023\/11\/WhatsApp-Bild-2023-11-18-um-13.51.29_252897aa-1536x1536.jpg 1536w, https:\/\/wp.stadelmannbeck.ch\/wp-content\/uploads\/2023\/11\/WhatsApp-Bild-2023-11-18-um-13.51.29_252897aa-1140x1140.jpg 1140w, https:\/\/wp.stadelmannbeck.ch\/wp-content\/uploads\/2023\/11\/WhatsApp-Bild-2023-11-18-um-13.51.29_252897aa-75x75.jpg 75w, https:\/\/wp.stadelmannbeck.ch\/wp-content\/uploads\/2023\/11\/WhatsApp-Bild-2023-11-18-um-13.51.29_252897aa.jpg 2048w\" sizes=\"(max-width: 1024px) 100vw, 1024px\" \/><\/figure>\n<\/div>\n\n\n\n<div class=\"wp-block-column is-layout-flow wp-block-column-is-layout-flow\" style=\"flex-basis:50%\">\n<figure><\/figure>\n\n\n\n<figure class=\"wp-block-image size-large\"><img decoding=\"async\" width=\"1024\" height=\"1024\" src=\"https:\/\/wp.stadelmannbeck.ch\/wp-content\/uploads\/2023\/11\/WhatsApp-Bild-2023-11-18-um-13.51.29_ece80b16-1024x1024.jpg\" alt=\"\" class=\"wp-image-932\" srcset=\"https:\/\/wp.stadelmannbeck.ch\/wp-content\/uploads\/2023\/11\/WhatsApp-Bild-2023-11-18-um-13.51.29_ece80b16-1024x1024.jpg 1024w, https:\/\/wp.stadelmannbeck.ch\/wp-content\/uploads\/2023\/11\/WhatsApp-Bild-2023-11-18-um-13.51.29_ece80b16-300x300.jpg 300w, https:\/\/wp.stadelmannbeck.ch\/wp-content\/uploads\/2023\/11\/WhatsApp-Bild-2023-11-18-um-13.51.29_ece80b16-150x150.jpg 150w, https:\/\/wp.stadelmannbeck.ch\/wp-content\/uploads\/2023\/11\/WhatsApp-Bild-2023-11-18-um-13.51.29_ece80b16-768x768.jpg 768w, https:\/\/wp.stadelmannbeck.ch\/wp-content\/uploads\/2023\/11\/WhatsApp-Bild-2023-11-18-um-13.51.29_ece80b16-1536x1536.jpg 1536w, https:\/\/wp.stadelmannbeck.ch\/wp-content\/uploads\/2023\/11\/WhatsApp-Bild-2023-11-18-um-13.51.29_ece80b16-1140x1140.jpg 1140w, https:\/\/wp.stadelmannbeck.ch\/wp-content\/uploads\/2023\/11\/WhatsApp-Bild-2023-11-18-um-13.51.29_ece80b16-75x75.jpg 75w, https:\/\/wp.stadelmannbeck.ch\/wp-content\/uploads\/2023\/11\/WhatsApp-Bild-2023-11-18-um-13.51.29_ece80b16.jpg 2048w\" sizes=\"(max-width: 1024px) 100vw, 1024px\" \/><\/figure>\n<\/div>\n<\/div>\n\n\n<\/p>\n<p>Ein Fr\u00fchst\u00fcck zum Tagesstart! Sie k\u00f6nnen jeden Tag bei uns fr\u00fchst\u00fccken. Sie w\u00e4hlen aus, wie Ihr Fr\u00fchst\u00fcck aussehen soll.<\/p>\n<\/p>\n<p>Snacks kalt oder warm f\u00fcr den kleinen Hunger stehen f\u00fcr Sie bereit.<\/p>\n<\/p>\n<p>F\u00fcr den Mittag servieren wir Ihnen gerne kleinere Mahlzeiten wie Toasts, Pastetli sowie Pizzen.<\/p>\n<\/p>\n\n\n<div class=\"wp-block-media-text alignwide is-stacked-on-mobile\"><figure class=\"wp-block-media-text__media\"><img decoding=\"async\" width=\"1024\" height=\"768\" src=\"https:\/\/wp.stadelmannbeck.ch\/wp-content\/uploads\/2022\/01\/IMG_0307-1024x768.jpg\" alt=\"\" class=\"wp-image-400 size-full\" srcset=\"https:\/\/wp.stadelmannbeck.ch\/wp-content\/uploads\/2022\/01\/IMG_0307-1024x768.jpg 1024w, https:\/\/wp.stadelmannbeck.ch\/wp-content\/uploads\/2022\/01\/IMG_0307-300x225.jpg 300w, https:\/\/wp.stadelmannbeck.ch\/wp-content\/uploads\/2022\/01\/IMG_0307-768x576.jpg 768w, https:\/\/wp.stadelmannbeck.ch\/wp-content\/uploads\/2022\/01\/IMG_0307-1536x1152.jpg 1536w, https:\/\/wp.stadelmannbeck.ch\/wp-content\/uploads\/2022\/01\/IMG_0307-2048x1536.jpg 2048w, https:\/\/wp.stadelmannbeck.ch\/wp-content\/uploads\/2022\/01\/IMG_0307-1140x855.jpg 1140w\" sizes=\"(max-width: 1024px) 100vw, 1024px\" \/><\/figure><div class=\"wp-block-media-text__content\">\n<p>Jeden 1. Sonntag im Monat f\u00fchren wir ein B\u00e4cker &#8211; Zmorge \u00e0 discr\u00e9tion durch. Ein reichhaltiges Buffet wartet auf Sie.<\/p>\n<\/p>\n\n\n\n<p style=\"font-size: 15px;\">Findet von 9.00- 13.00 Uhr statt.<\/p>\n<\/p>\n<\/div><\/div>\n\n\n<\/p>\n<\/p>\n<p>Unter der Rubrik\u00a0<a href=\"https:\/\/wp.stadelmannbeck.ch\/?page_id=87\" target=\"_blank\" rel=\"noopener\">Aktuelles<\/a>\u00a0k\u00f6nnen Sie sich informieren. <strong>Wir bitten um eine Reservation.<\/strong><\/p>\n<\/p>\n<p>Wir freuen uns auf Ihren Besuch und w\u00fcnschen Ihnen einen sch\u00f6nen Aufenthalt bei uns.<\/p>\n<\/p>","protected":false},"excerpt":{"rendered":"<p>Geniessen Sie in unserem Caf\u00e9 einen aromatischen Kaffee, ein Buttergipfeli, einen Nussgipfel oder ein Patisserie dazu. Ein Fr\u00fchst\u00fcck zum Tagesstart! Sie k\u00f6nnen jeden Tag bei uns fr\u00fchst\u00fccken. Sie w\u00e4hlen aus, wie Ihr Fr\u00fchst\u00fcck aussehen soll. Snacks kalt oder warm f\u00fcr den kleinen Hunger stehen f\u00fcr Sie bereit. F\u00fcr den Mittag servieren wir Ihnen gerne kleinere Mahlzeiten wie Toasts, Pastetli sowie Pizzen. Jeden 1. Sonntag im Monat f\u00fchren wir ein B\u00e4cker &#8211; Zmorge \u00e0 discr\u00e9tion durch. Ein reichhaltiges Buffet wartet auf Sie. Findet von 9.00- 13.00 Uhr statt. Unter der Rubrik\u00a0Aktuelles\u00a0k\u00f6nnen Sie sich informieren. Wir bitten um eine Reservation. Wir freuen uns auf Ihren Besuch und w\u00fcnschen Ihnen einen sch\u00f6nen Aufenthalt bei uns.<\/p>\n","protected":false},"author":1,"featured_media":0,"parent":0,"menu_order":0,"comment_status":"closed","ping_status":"closed","template":"","meta":{"footnotes":""},"class_list":["post-163","page","type-page","status-publish","hentry"],"yoast_head":"<!-- This site is optimized with the Yoast SEO plugin v27.4 - https:\/\/yoast.com\/product\/yoast-seo-wordpress\/ -->\n<title>Caf\u00e9 - B\u00e4ckerei Konditorei Stadelmann<\/title>\n<meta name=\"robots\" content=\"index, follow, max-snippet:-1, max-image-preview:large, max-video-preview:-1\" \/>\n<link rel=\"canonical\" href=\"https:\/\/wp.stadelmannbeck.ch\/?page_id=163\" \/>\n<meta property=\"og:locale\" content=\"de_DE\" \/>\n<meta property=\"og:type\" content=\"article\" \/>\n<meta property=\"og:title\" content=\"Caf\u00e9 - B\u00e4ckerei Konditorei Stadelmann\" \/>\n<meta property=\"og:description\" content=\"Geniessen Sie in unserem Caf\u00e9 einen aromatischen Kaffee, ein Buttergipfeli, einen Nussgipfel oder ein Patisserie dazu. Ein Fr\u00fchst\u00fcck zum Tagesstart! Sie k\u00f6nnen jeden Tag bei uns fr\u00fchst\u00fccken. Sie w\u00e4hlen aus, wie Ihr Fr\u00fchst\u00fcck aussehen soll. Snacks kalt oder warm f\u00fcr den kleinen Hunger stehen f\u00fcr Sie bereit. F\u00fcr den Mittag servieren wir Ihnen gerne kleinere Mahlzeiten wie Toasts, Pastetli sowie Pizzen. Jeden 1. Sonntag im Monat f\u00fchren wir ein B\u00e4cker &#8211; Zmorge \u00e0 discr\u00e9tion durch. Ein reichhaltiges Buffet wartet auf Sie. Findet von 9.00- 13.00 Uhr statt. Unter der Rubrik\u00a0Aktuelles\u00a0k\u00f6nnen Sie sich informieren. Wir bitten um eine Reservation. Wir freuen uns auf Ihren Besuch und w\u00fcnschen Ihnen einen sch\u00f6nen Aufenthalt bei uns.\" \/>\n<meta property=\"og:url\" content=\"https:\/\/wp.stadelmannbeck.ch\/?page_id=163\" \/>\n<meta property=\"og:site_name\" content=\"B\u00e4ckerei Konditorei Stadelmann\" \/>\n<meta property=\"article:modified_time\" content=\"2024-01-02T17:12:21+00:00\" \/>\n<meta property=\"og:image\" content=\"https:\/\/wp.stadelmannbeck.ch\/wp-content\/uploads\/2023\/11\/WhatsApp-Bild-2023-11-18-um-13.51.29_252897aa-1024x1024.jpg\" \/>\n<meta name=\"twitter:card\" content=\"summary_large_image\" \/>\n<meta name=\"twitter:label1\" content=\"Gesch\u00e4tzte Lesezeit\" \/>\n\t<meta name=\"twitter:data1\" content=\"2\u00a0Minuten\" \/>\n<script type=\"application\/ld+json\" class=\"yoast-schema-graph\">{\"@context\":\"https:\\\/\\\/schema.org\",\"@graph\":[{\"@type\":\"WebPage\",\"@id\":\"https:\\\/\\\/wp.stadelmannbeck.ch\\\/?page_id=163\",\"url\":\"https:\\\/\\\/wp.stadelmannbeck.ch\\\/?page_id=163\",\"name\":\"Caf\u00e9 - B\u00e4ckerei Konditorei Stadelmann\",\"isPartOf\":{\"@id\":\"https:\\\/\\\/wp.stadelmannbeck.ch\\\/#website\"},\"primaryImageOfPage\":{\"@id\":\"https:\\\/\\\/wp.stadelmannbeck.ch\\\/?page_id=163#primaryimage\"},\"image\":{\"@id\":\"https:\\\/\\\/wp.stadelmannbeck.ch\\\/?page_id=163#primaryimage\"},\"thumbnailUrl\":\"https:\\\/\\\/wp.stadelmannbeck.ch\\\/wp-content\\\/uploads\\\/2023\\\/11\\\/WhatsApp-Bild-2023-11-18-um-13.51.29_252897aa-1024x1024.jpg\",\"datePublished\":\"2021-08-17T22:56:06+00:00\",\"dateModified\":\"2024-01-02T17:12:21+00:00\",\"breadcrumb\":{\"@id\":\"https:\\\/\\\/wp.stadelmannbeck.ch\\\/?page_id=163#breadcrumb\"},\"inLanguage\":\"de\",\"potentialAction\":[{\"@type\":\"ReadAction\",\"target\":[\"https:\\\/\\\/wp.stadelmannbeck.ch\\\/?page_id=163\"]}]},{\"@type\":\"ImageObject\",\"inLanguage\":\"de\",\"@id\":\"https:\\\/\\\/wp.stadelmannbeck.ch\\\/?page_id=163#primaryimage\",\"url\":\"https:\\\/\\\/wp.stadelmannbeck.ch\\\/wp-content\\\/uploads\\\/2023\\\/11\\\/WhatsApp-Bild-2023-11-18-um-13.51.29_252897aa.jpg\",\"contentUrl\":\"https:\\\/\\\/wp.stadelmannbeck.ch\\\/wp-content\\\/uploads\\\/2023\\\/11\\\/WhatsApp-Bild-2023-11-18-um-13.51.29_252897aa.jpg\",\"width\":2048,\"height\":2048},{\"@type\":\"BreadcrumbList\",\"@id\":\"https:\\\/\\\/wp.stadelmannbeck.ch\\\/?page_id=163#breadcrumb\",\"itemListElement\":[{\"@type\":\"ListItem\",\"position\":1,\"name\":\"Startseite\",\"item\":\"https:\\\/\\\/wp.stadelmannbeck.ch\\\/\"},{\"@type\":\"ListItem\",\"position\":2,\"name\":\"Caf\u00e9\"}]},{\"@type\":\"WebSite\",\"@id\":\"https:\\\/\\\/wp.stadelmannbeck.ch\\\/#website\",\"url\":\"https:\\\/\\\/wp.stadelmannbeck.ch\\\/\",\"name\":\"B\u00e4ckerei Konditorei Stadelmann\",\"description\":\"\",\"publisher\":{\"@id\":\"https:\\\/\\\/wp.stadelmannbeck.ch\\\/#organization\"},\"potentialAction\":[{\"@type\":\"SearchAction\",\"target\":{\"@type\":\"EntryPoint\",\"urlTemplate\":\"https:\\\/\\\/wp.stadelmannbeck.ch\\\/?s={search_term_string}\"},\"query-input\":{\"@type\":\"PropertyValueSpecification\",\"valueRequired\":true,\"valueName\":\"search_term_string\"}}],\"inLanguage\":\"de\"},{\"@type\":\"Organization\",\"@id\":\"https:\\\/\\\/wp.stadelmannbeck.ch\\\/#organization\",\"name\":\"B\u00e4ckerei Konditorei Stadelmann\",\"url\":\"https:\\\/\\\/wp.stadelmannbeck.ch\\\/\",\"logo\":{\"@type\":\"ImageObject\",\"inLanguage\":\"de\",\"@id\":\"https:\\\/\\\/wp.stadelmannbeck.ch\\\/#\\\/schema\\\/logo\\\/image\\\/\",\"url\":\"https:\\\/\\\/wp.stadelmannbeck.ch\\\/wp-content\\\/uploads\\\/2022\\\/01\\\/cropped-897889564-1.png\",\"contentUrl\":\"https:\\\/\\\/wp.stadelmannbeck.ch\\\/wp-content\\\/uploads\\\/2022\\\/01\\\/cropped-897889564-1.png\",\"width\":1000,\"height\":542,\"caption\":\"B\u00e4ckerei Konditorei Stadelmann\"},\"image\":{\"@id\":\"https:\\\/\\\/wp.stadelmannbeck.ch\\\/#\\\/schema\\\/logo\\\/image\\\/\"}}]}<\/script>\n<!-- \/ Yoast SEO plugin. -->","yoast_head_json":{"title":"Caf\u00e9 - B\u00e4ckerei Konditorei Stadelmann","robots":{"index":"index","follow":"follow","max-snippet":"max-snippet:-1","max-image-preview":"max-image-preview:large","max-video-preview":"max-video-preview:-1"},"canonical":"https:\/\/wp.stadelmannbeck.ch\/?page_id=163","og_locale":"de_DE","og_type":"article","og_title":"Caf\u00e9 - B\u00e4ckerei Konditorei Stadelmann","og_description":"Geniessen Sie in unserem Caf\u00e9 einen aromatischen Kaffee, ein Buttergipfeli, einen Nussgipfel oder ein Patisserie dazu. Ein Fr\u00fchst\u00fcck zum Tagesstart! Sie k\u00f6nnen jeden Tag bei uns fr\u00fchst\u00fccken. Sie w\u00e4hlen aus, wie Ihr Fr\u00fchst\u00fcck aussehen soll. Snacks kalt oder warm f\u00fcr den kleinen Hunger stehen f\u00fcr Sie bereit. F\u00fcr den Mittag servieren wir Ihnen gerne kleinere Mahlzeiten wie Toasts, Pastetli sowie Pizzen. Jeden 1. Sonntag im Monat f\u00fchren wir ein B\u00e4cker &#8211; Zmorge \u00e0 discr\u00e9tion durch. Ein reichhaltiges Buffet wartet auf Sie. Findet von 9.00- 13.00 Uhr statt. Unter der Rubrik\u00a0Aktuelles\u00a0k\u00f6nnen Sie sich informieren. Wir bitten um eine Reservation. Wir freuen uns auf Ihren Besuch und w\u00fcnschen Ihnen einen sch\u00f6nen Aufenthalt bei uns.","og_url":"https:\/\/wp.stadelmannbeck.ch\/?page_id=163","og_site_name":"B\u00e4ckerei Konditorei Stadelmann","article_modified_time":"2024-01-02T17:12:21+00:00","og_image":[{"url":"https:\/\/wp.stadelmannbeck.ch\/wp-content\/uploads\/2023\/11\/WhatsApp-Bild-2023-11-18-um-13.51.29_252897aa-1024x1024.jpg","type":"","width":"","height":""}],"twitter_card":"summary_large_image","twitter_misc":{"Gesch\u00e4tzte Lesezeit":"2\u00a0Minuten"},"schema":{"@context":"https:\/\/schema.org","@graph":[{"@type":"WebPage","@id":"https:\/\/wp.stadelmannbeck.ch\/?page_id=163","url":"https:\/\/wp.stadelmannbeck.ch\/?page_id=163","name":"Caf\u00e9 - B\u00e4ckerei Konditorei Stadelmann","isPartOf":{"@id":"https:\/\/wp.stadelmannbeck.ch\/#website"},"primaryImageOfPage":{"@id":"https:\/\/wp.stadelmannbeck.ch\/?page_id=163#primaryimage"},"image":{"@id":"https:\/\/wp.stadelmannbeck.ch\/?page_id=163#primaryimage"},"thumbnailUrl":"https:\/\/wp.stadelmannbeck.ch\/wp-content\/uploads\/2023\/11\/WhatsApp-Bild-2023-11-18-um-13.51.29_252897aa-1024x1024.jpg","datePublished":"2021-08-17T22:56:06+00:00","dateModified":"2024-01-02T17:12:21+00:00","breadcrumb":{"@id":"https:\/\/wp.stadelmannbeck.ch\/?page_id=163#breadcrumb"},"inLanguage":"de","potentialAction":[{"@type":"ReadAction","target":["https:\/\/wp.stadelmannbeck.ch\/?page_id=163"]}]},{"@type":"ImageObject","inLanguage":"de","@id":"https:\/\/wp.stadelmannbeck.ch\/?page_id=163#primaryimage","url":"https:\/\/wp.stadelmannbeck.ch\/wp-content\/uploads\/2023\/11\/WhatsApp-Bild-2023-11-18-um-13.51.29_252897aa.jpg","contentUrl":"https:\/\/wp.stadelmannbeck.ch\/wp-content\/uploads\/2023\/11\/WhatsApp-Bild-2023-11-18-um-13.51.29_252897aa.jpg","width":2048,"height":2048},{"@type":"BreadcrumbList","@id":"https:\/\/wp.stadelmannbeck.ch\/?page_id=163#breadcrumb","itemListElement":[{"@type":"ListItem","position":1,"name":"Startseite","item":"https:\/\/wp.stadelmannbeck.ch\/"},{"@type":"ListItem","position":2,"name":"Caf\u00e9"}]},{"@type":"WebSite","@id":"https:\/\/wp.stadelmannbeck.ch\/#website","url":"https:\/\/wp.stadelmannbeck.ch\/","name":"B\u00e4ckerei Konditorei Stadelmann","description":"","publisher":{"@id":"https:\/\/wp.stadelmannbeck.ch\/#organization"},"potentialAction":[{"@type":"SearchAction","target":{"@type":"EntryPoint","urlTemplate":"https:\/\/wp.stadelmannbeck.ch\/?s={search_term_string}"},"query-input":{"@type":"PropertyValueSpecification","valueRequired":true,"valueName":"search_term_string"}}],"inLanguage":"de"},{"@type":"Organization","@id":"https:\/\/wp.stadelmannbeck.ch\/#organization","name":"B\u00e4ckerei Konditorei Stadelmann","url":"https:\/\/wp.stadelmannbeck.ch\/","logo":{"@type":"ImageObject","inLanguage":"de","@id":"https:\/\/wp.stadelmannbeck.ch\/#\/schema\/logo\/image\/","url":"https:\/\/wp.stadelmannbeck.ch\/wp-content\/uploads\/2022\/01\/cropped-897889564-1.png","contentUrl":"https:\/\/wp.stadelmannbeck.ch\/wp-content\/uploads\/2022\/01\/cropped-897889564-1.png","width":1000,"height":542,"caption":"B\u00e4ckerei Konditorei Stadelmann"},"image":{"@id":"https:\/\/wp.stadelmannbeck.ch\/#\/schema\/logo\/image\/"}}]}},"_links":{"self":[{"href":"https:\/\/wp.stadelmannbeck.ch\/index.php?rest_route=\/wp\/v2\/pages\/163","targetHints":{"allow":["GET"]}}],"collection":[{"href":"https:\/\/wp.stadelmannbeck.ch\/index.php?rest_route=\/wp\/v2\/pages"}],"about":[{"href":"https:\/\/wp.stadelmannbeck.ch\/index.php?rest_route=\/wp\/v2\/types\/page"}],"author":[{"embeddable":true,"href":"https:\/\/wp.stadelmannbeck.ch\/index.php?rest_route=\/wp\/v2\/users\/1"}],"replies":[{"embeddable":true,"href":"https:\/\/wp.stadelmannbeck.ch\/index.php?rest_route=%2Fwp%2Fv2%2Fcomments&post=163"}],"version-history":[{"count":45,"href":"https:\/\/wp.stadelmannbeck.ch\/index.php?rest_route=\/wp\/v2\/pages\/163\/revisions"}],"predecessor-version":[{"id":1073,"href":"https:\/\/wp.stadelmannbeck.ch\/index.php?rest_route=\/wp\/v2\/pages\/163\/revisions\/1073"}],"wp:attachment":[{"href":"https:\/\/wp.stadelmannbeck.ch\/index.php?rest_route=%2Fwp%2Fv2%2Fmedia&parent=163"}],"curies":[{"name":"wp","href":"https:\/\/api.w.org\/{rel}","templated":true}]}}